{"id":536,"date":"2023-08-29T10:45:54","date_gmt":"2023-08-29T13:45:54","guid":{"rendered":"http:\/\/renzbr.com.br\/produtos\/"},"modified":"2023-11-21T09:23:04","modified_gmt":"2023-11-21T12:23:04","slug":"produtos","status":"publish","type":"page","link":"https:\/\/renzbr.com\/es\/produtos\/","title":{"rendered":"Productos"},"content":{"rendered":"<div data-elementor-type=\"wp-page\" data-elementor-id=\"536\" class=\"elementor elementor-536\" data-elementor-post-type=\"page\">\n\t\t\t\t\t\t<section class=\"elementor-section elementor-top-section elementor-element elementor-element-43360efd elementor-section-boxed elementor-section-height-default elementor-section-height-default\" data-id=\"43360efd\" data-element_type=\"section\">\n\t\t\t\t\t\t<div class=\"elementor-container elementor-column-gap-no\">\n\t\t\t\t\t<div class=\"elementor-column elementor-col-100 elementor-top-column elementor-element elementor-element-16da8df3\" data-id=\"16da8df3\" data-element_type=\"column\">\n\t\t\t<div class=\"elementor-widget-wrap elementor-element-populated\">\n\t\t\t\t\t\t<section class=\"elementor-section elementor-inner-section elementor-element elementor-element-3c646fb2 elementor-section-boxed elementor-section-height-default elementor-section-height-default\" data-id=\"3c646fb2\" data-element_type=\"section\">\n\t\t\t\t\t\t<div class=\"elementor-container elementor-column-gap-narrow\">\n\t\t\t\t\t<div class=\"elementor-column elementor-col-33 elementor-inner-column elementor-element elementor-element-6424fde\" data-id=\"6424fde\" data-element_type=\"column\">\n\t\t\t<div class=\"elementor-widget-wrap elementor-element-populated\">\n\t\t\t\t\t\t<div class=\"elementor-element elementor-element-43ca8413 elementor-widget elementor-widget-image\" data-id=\"43ca8413\" data-element_type=\"widget\" data-widget_type=\"image.default\">\n\t\t\t\t<div class=\"elementor-widget-container\">\n\t\t\t\t\t\t\t\t\t\t\t\t\t\t\t\t<a href=\"http:\/\/renzbr.com\/es\/transformadores-de-corrente-tc\/\">\n\t\t\t\t\t\t\t<img decoding=\"async\" width=\"200\" height=\"200\" src=\"https:\/\/renzbr.com\/wp-content\/uploads\/2023\/08\/transf-corrente_azul.png\" class=\"attachment-large size-large wp-image-401\" alt=\"\" srcset=\"https:\/\/renzbr.com\/wp-content\/uploads\/2023\/08\/transf-corrente_azul.png 200w, https:\/\/renzbr.com\/wp-content\/uploads\/2023\/08\/transf-corrente_azul-150x150.png 150w\" sizes=\"(max-width: 200px) 100vw, 200px\" \/>\t\t\t\t\t\t\t\t<\/a>\n\t\t\t\t\t\t\t\t\t\t\t\t\t\t\t<\/div>\n\t\t\t\t<\/div>\n\t\t\t\t<div class=\"elementor-element elementor-element-1ea3312c elementor-widget elementor-widget-heading\" data-id=\"1ea3312c\" data-element_type=\"widget\" data-widget_type=\"heading.default\">\n\t\t\t\t<div class=\"elementor-widget-container\">\n\t\t\t\t\t<h2 class=\"elementor-heading-title elementor-size-default\"><a href=\"http:\/\/renzbr.com\/es\/transformadores-de-corrente-tc\/\">Transformadores de Corriente Electrica<\/a><\/h2>\t\t\t\t<\/div>\n\t\t\t\t<\/div>\n\t\t\t\t\t<\/div>\n\t\t<\/div>\n\t\t\t\t<div class=\"elementor-column elementor-col-33 elementor-inner-column elementor-element elementor-element-5d38f132\" data-id=\"5d38f132\" data-element_type=\"column\">\n\t\t\t<div class=\"elementor-widget-wrap elementor-element-populated\">\n\t\t\t\t\t\t<div class=\"elementor-element elementor-element-3da3cc28 elementor-widget elementor-widget-image\" data-id=\"3da3cc28\" data-element_type=\"widget\" data-widget_type=\"image.default\">\n\t\t\t\t<div class=\"elementor-widget-container\">\n\t\t\t\t\t\t\t\t\t\t\t\t\t\t\t\t<a href=\"http:\/\/renzbr.com\/es\/multimedidores\/\">\n\t\t\t\t\t\t\t<img decoding=\"async\" width=\"200\" height=\"200\" src=\"https:\/\/renzbr.com\/wp-content\/uploads\/2023\/08\/multimed_azul.png\" class=\"attachment-large size-large wp-image-402\" alt=\"\" srcset=\"https:\/\/renzbr.com\/wp-content\/uploads\/2023\/08\/multimed_azul.png 200w, https:\/\/renzbr.com\/wp-content\/uploads\/2023\/08\/multimed_azul-150x150.png 150w\" sizes=\"(max-width: 200px) 100vw, 200px\" \/>\t\t\t\t\t\t\t\t<\/a>\n\t\t\t\t\t\t\t\t\t\t\t\t\t\t\t<\/div>\n\t\t\t\t<\/div>\n\t\t\t\t<div class=\"elementor-element elementor-element-45c9f838 elementor-widget elementor-widget-heading\" data-id=\"45c9f838\" data-element_type=\"widget\" data-widget_type=\"heading.default\">\n\t\t\t\t<div class=\"elementor-widget-container\">\n\t\t\t\t\t<h2 class=\"elementor-heading-title elementor-size-default\"><a href=\"http:\/\/renzbr.com\/es\/multimedidores\/\">Mult\u00edmetros<\/a><\/h2>\t\t\t\t<\/div>\n\t\t\t\t<\/div>\n\t\t\t\t\t<\/div>\n\t\t<\/div>\n\t\t\t\t<div class=\"elementor-column elementor-col-33 elementor-inner-column elementor-element elementor-element-2a540349\" data-id=\"2a540349\" data-element_type=\"column\">\n\t\t\t<div class=\"elementor-widget-wrap elementor-element-populated\">\n\t\t\t\t\t\t<div class=\"elementor-element elementor-element-537642ac elementor-widget elementor-widget-image\" data-id=\"537642ac\" data-element_type=\"widget\" data-widget_type=\"image.default\">\n\t\t\t\t<div class=\"elementor-widget-container\">\n\t\t\t\t\t\t\t\t\t\t\t\t\t\t\t\t<a href=\"http:\/\/renzbr.com\/es\/derivadores-de-corrente-shunt\/\">\n\t\t\t\t\t\t\t<img decoding=\"async\" width=\"200\" height=\"200\" src=\"https:\/\/renzbr.com\/wp-content\/uploads\/2023\/08\/shunt-icon_azul.png\" class=\"attachment-large size-large wp-image-495\" alt=\"\" srcset=\"https:\/\/renzbr.com\/wp-content\/uploads\/2023\/08\/shunt-icon_azul.png 200w, https:\/\/renzbr.com\/wp-content\/uploads\/2023\/08\/shunt-icon_azul-150x150.png 150w\" sizes=\"(max-width: 200px) 100vw, 200px\" \/>\t\t\t\t\t\t\t\t<\/a>\n\t\t\t\t\t\t\t\t\t\t\t\t\t\t\t<\/div>\n\t\t\t\t<\/div>\n\t\t\t\t<div class=\"elementor-element elementor-element-3a44b816 elementor-widget elementor-widget-heading\" data-id=\"3a44b816\" data-element_type=\"widget\" data-widget_type=\"heading.default\">\n\t\t\t\t<div class=\"elementor-widget-container\">\n\t\t\t\t\t<h2 class=\"elementor-heading-title elementor-size-default\"><a href=\"http:\/\/renzbr.com\/es\/derivadores-de-corrente-shunt\/\">Derivadores de Corriente El\u00e9ctrica (Shunt)<\/a><\/h2>\t\t\t\t<\/div>\n\t\t\t\t<\/div>\n\t\t\t\t\t<\/div>\n\t\t<\/div>\n\t\t\t\t\t<\/div>\n\t\t<\/section>\n\t\t\t\t\t<\/div>\n\t\t<\/div>\n\t\t\t\t\t<\/div>\n\t\t<\/section>\n\t\t\t\t<section class=\"elementor-section elementor-top-section elementor-element elementor-element-88fe855 elementor-section-boxed elementor-section-height-default elementor-section-height-default\" data-id=\"88fe855\" data-element_type=\"section\">\n\t\t\t\t\t\t<div class=\"elementor-container elementor-column-gap-no\">\n\t\t\t\t\t<div class=\"elementor-column elementor-col-100 elementor-top-column elementor-element elementor-element-e1c6044\" data-id=\"e1c6044\" data-element_type=\"column\">\n\t\t\t<div class=\"elementor-widget-wrap elementor-element-populated\">\n\t\t\t\t\t\t<section class=\"elementor-section elementor-inner-section elementor-element elementor-element-9c1babe elementor-section-boxed elementor-section-height-default elementor-section-height-default\" data-id=\"9c1babe\" data-element_type=\"section\">\n\t\t\t\t\t\t<div class=\"elementor-container elementor-column-gap-narrow\">\n\t\t\t\t\t<div class=\"elementor-column elementor-col-33 elementor-inner-column elementor-element elementor-element-edbfbcd\" data-id=\"edbfbcd\" data-element_type=\"column\">\n\t\t\t<div class=\"elementor-widget-wrap elementor-element-populated\">\n\t\t\t\t\t\t<div class=\"elementor-element elementor-element-9814ce9 elementor-widget elementor-widget-image\" data-id=\"9814ce9\" data-element_type=\"widget\" data-widget_type=\"image.default\">\n\t\t\t\t<div class=\"elementor-widget-container\">\n\t\t\t\t\t\t\t\t\t\t\t\t\t\t\t\t<a href=\"http:\/\/renzbr.com\/es\/instrumentos-de-ferro-movel-c-a\/\">\n\t\t\t\t\t\t\t<img loading=\"lazy\" decoding=\"async\" width=\"200\" height=\"200\" src=\"https:\/\/renzbr.com\/wp-content\/uploads\/2023\/08\/inst-ferro-movel_azul-1.png\" class=\"attachment-large size-large wp-image-496\" alt=\"\" srcset=\"https:\/\/renzbr.com\/wp-content\/uploads\/2023\/08\/inst-ferro-movel_azul-1.png 200w, https:\/\/renzbr.com\/wp-content\/uploads\/2023\/08\/inst-ferro-movel_azul-1-150x150.png 150w\" sizes=\"(max-width: 200px) 100vw, 200px\" \/>\t\t\t\t\t\t\t\t<\/a>\n\t\t\t\t\t\t\t\t\t\t\t\t\t\t\t<\/div>\n\t\t\t\t<\/div>\n\t\t\t\t<div class=\"elementor-element elementor-element-2dbadab elementor-widget elementor-widget-heading\" data-id=\"2dbadab\" data-element_type=\"widget\" data-widget_type=\"heading.default\">\n\t\t\t\t<div class=\"elementor-widget-container\">\n\t\t\t\t\t<h2 class=\"elementor-heading-title elementor-size-default\"><a href=\"http:\/\/renzbr.com\/es\/instrumentos-de-ferro-movel-c-a\/\">Instrumentos de Plancha M\u00f3vil<\/a><\/h2>\t\t\t\t<\/div>\n\t\t\t\t<\/div>\n\t\t\t\t\t<\/div>\n\t\t<\/div>\n\t\t\t\t<div class=\"elementor-column elementor-col-33 elementor-inner-column elementor-element elementor-element-0d433d7\" data-id=\"0d433d7\" data-element_type=\"column\">\n\t\t\t<div class=\"elementor-widget-wrap elementor-element-populated\">\n\t\t\t\t\t\t<div class=\"elementor-element elementor-element-235cde0 elementor-widget elementor-widget-image\" data-id=\"235cde0\" data-element_type=\"widget\" data-widget_type=\"image.default\">\n\t\t\t\t<div class=\"elementor-widget-container\">\n\t\t\t\t\t\t\t\t\t\t\t\t\t\t\t\t<a href=\"http:\/\/renzbr.com\/es\/instrumentos-de-escala-intercambiavel-c-a\/\">\n\t\t\t\t\t\t\t<img loading=\"lazy\" decoding=\"async\" width=\"200\" height=\"200\" src=\"https:\/\/renzbr.com\/wp-content\/uploads\/2023\/08\/inst-ferro-movel_azul.png\" class=\"attachment-large size-large wp-image-406\" alt=\"\" srcset=\"https:\/\/renzbr.com\/wp-content\/uploads\/2023\/08\/inst-ferro-movel_azul.png 200w, https:\/\/renzbr.com\/wp-content\/uploads\/2023\/08\/inst-ferro-movel_azul-150x150.png 150w\" sizes=\"(max-width: 200px) 100vw, 200px\" \/>\t\t\t\t\t\t\t\t<\/a>\n\t\t\t\t\t\t\t\t\t\t\t\t\t\t\t<\/div>\n\t\t\t\t<\/div>\n\t\t\t\t<div class=\"elementor-element elementor-element-da19a9e elementor-widget elementor-widget-heading\" data-id=\"da19a9e\" data-element_type=\"widget\" data-widget_type=\"heading.default\">\n\t\t\t\t<div class=\"elementor-widget-container\">\n\t\t\t\t\t<h2 class=\"elementor-heading-title elementor-size-default\"><a href=\"http:\/\/renzbr.com\/es\/instrumentos-de-escala-intercambiavel-c-a\/\">Instrumentos de Escala Intercambiables<\/a><\/h2>\t\t\t\t<\/div>\n\t\t\t\t<\/div>\n\t\t\t\t\t<\/div>\n\t\t<\/div>\n\t\t\t\t<div class=\"elementor-column elementor-col-33 elementor-inner-column elementor-element elementor-element-f0c9403\" data-id=\"f0c9403\" data-element_type=\"column\">\n\t\t\t<div class=\"elementor-widget-wrap elementor-element-populated\">\n\t\t\t\t\t\t<div class=\"elementor-element elementor-element-6efe789b elementor-widget elementor-widget-image\" data-id=\"6efe789b\" data-element_type=\"widget\" data-widget_type=\"image.default\">\n\t\t\t\t<div class=\"elementor-widget-container\">\n\t\t\t\t\t\t\t\t\t\t\t\t\t\t\t\t<a href=\"http:\/\/renzbr.com\/es\/instrumentos-de-bobina-movel-c-c-90\/\">\n\t\t\t\t\t\t\t<img loading=\"lazy\" decoding=\"async\" width=\"200\" height=\"200\" src=\"https:\/\/renzbr.com\/wp-content\/uploads\/2023\/08\/inst-bob-movel_azul.png\" class=\"attachment-large size-large wp-image-494\" alt=\"\" srcset=\"https:\/\/renzbr.com\/wp-content\/uploads\/2023\/08\/inst-bob-movel_azul.png 200w, https:\/\/renzbr.com\/wp-content\/uploads\/2023\/08\/inst-bob-movel_azul-150x150.png 150w\" sizes=\"(max-width: 200px) 100vw, 200px\" \/>\t\t\t\t\t\t\t\t<\/a>\n\t\t\t\t\t\t\t\t\t\t\t\t\t\t\t<\/div>\n\t\t\t\t<\/div>\n\t\t\t\t<div class=\"elementor-element elementor-element-3c6b3e57 elementor-widget elementor-widget-heading\" data-id=\"3c6b3e57\" data-element_type=\"widget\" data-widget_type=\"heading.default\">\n\t\t\t\t<div class=\"elementor-widget-container\">\n\t\t\t\t\t<h2 class=\"elementor-heading-title elementor-size-default\"><a href=\"http:\/\/renzbr.com\/es\/instrumentos-de-bobina-movel-c-c-90\/\">Instrumentos de Bobina M\u00f3vil - 90\u00b0<\/a><\/h2>\t\t\t\t<\/div>\n\t\t\t\t<\/div>\n\t\t\t\t\t<\/div>\n\t\t<\/div>\n\t\t\t\t\t<\/div>\n\t\t<\/section>\n\t\t\t\t\t<\/div>\n\t\t<\/div>\n\t\t\t\t\t<\/div>\n\t\t<\/section>\n\t\t\t\t<section class=\"elementor-section elementor-top-section elementor-element elementor-element-37bf88b elementor-section-boxed elementor-section-height-default elementor-section-height-default\" data-id=\"37bf88b\" data-element_type=\"section\">\n\t\t\t\t\t\t<div class=\"elementor-container elementor-column-gap-default\">\n\t\t\t\t\t<div class=\"elementor-column elementor-col-100 elementor-top-column elementor-element elementor-element-196b84d2\" data-id=\"196b84d2\" data-element_type=\"column\">\n\t\t\t<div class=\"elementor-widget-wrap elementor-element-populated\">\n\t\t\t\t\t\t<section class=\"elementor-section elementor-inner-section elementor-element elementor-element-28fa787d elementor-section-boxed elementor-section-height-default elementor-section-height-default\" data-id=\"28fa787d\" data-element_type=\"section\">\n\t\t\t\t\t\t<div class=\"elementor-container elementor-column-gap-narrow\">\n\t\t\t\t\t<div class=\"elementor-column elementor-col-33 elementor-inner-column elementor-element elementor-element-45869c32\" data-id=\"45869c32\" data-element_type=\"column\">\n\t\t\t<div class=\"elementor-widget-wrap elementor-element-populated\">\n\t\t\t\t\t\t<div class=\"elementor-element elementor-element-4f6b5162 elementor-widget elementor-widget-image\" data-id=\"4f6b5162\" data-element_type=\"widget\" data-widget_type=\"image.default\">\n\t\t\t\t<div class=\"elementor-widget-container\">\n\t\t\t\t\t\t\t\t\t\t\t\t\t\t\t\t<a href=\"http:\/\/renzbr.com\/es\/instrumentos-de-bobina-movel-c-c-240\/\">\n\t\t\t\t\t\t\t<img loading=\"lazy\" decoding=\"async\" width=\"200\" height=\"200\" src=\"https:\/\/renzbr.com\/wp-content\/uploads\/2023\/08\/inst-bob-movel_240_azul.png\" class=\"attachment-large size-large wp-image-493\" alt=\"\" srcset=\"https:\/\/renzbr.com\/wp-content\/uploads\/2023\/08\/inst-bob-movel_240_azul.png 200w, https:\/\/renzbr.com\/wp-content\/uploads\/2023\/08\/inst-bob-movel_240_azul-150x150.png 150w\" sizes=\"(max-width: 200px) 100vw, 200px\" \/>\t\t\t\t\t\t\t\t<\/a>\n\t\t\t\t\t\t\t\t\t\t\t\t\t\t\t<\/div>\n\t\t\t\t<\/div>\n\t\t\t\t<div class=\"elementor-element elementor-element-8796ebe elementor-widget elementor-widget-heading\" data-id=\"8796ebe\" data-element_type=\"widget\" data-widget_type=\"heading.default\">\n\t\t\t\t<div class=\"elementor-widget-container\">\n\t\t\t\t\t<h2 class=\"elementor-heading-title elementor-size-default\"><a href=\"http:\/\/renzbr.com\/es\/instrumentos-de-bobina-movel-c-c-240\/\">Instrumentos de Bobina M\u00f3vil - 240\u00b0<\/a><\/h2>\t\t\t\t<\/div>\n\t\t\t\t<\/div>\n\t\t\t\t\t<\/div>\n\t\t<\/div>\n\t\t\t\t<div class=\"elementor-column elementor-col-33 elementor-inner-column elementor-element elementor-element-4ee105b0\" data-id=\"4ee105b0\" data-element_type=\"column\">\n\t\t\t<div class=\"elementor-widget-wrap elementor-element-populated\">\n\t\t\t\t\t\t<div class=\"elementor-element elementor-element-3f4df3c7 elementor-widget elementor-widget-image\" data-id=\"3f4df3c7\" data-element_type=\"widget\" data-widget_type=\"image.default\">\n\t\t\t\t<div class=\"elementor-widget-container\">\n\t\t\t\t\t\t\t\t\t\t\t\t\t\t\t\t<a href=\"http:\/\/renzbr.com\/es\/conversor-usb\/\">\n\t\t\t\t\t\t\t<img loading=\"lazy\" decoding=\"async\" width=\"200\" height=\"200\" src=\"https:\/\/renzbr.com\/wp-content\/uploads\/2023\/08\/conv-usb_azul.png\" class=\"attachment-large size-large wp-image-403\" alt=\"\" srcset=\"https:\/\/renzbr.com\/wp-content\/uploads\/2023\/08\/conv-usb_azul.png 200w, https:\/\/renzbr.com\/wp-content\/uploads\/2023\/08\/conv-usb_azul-150x150.png 150w\" sizes=\"(max-width: 200px) 100vw, 200px\" \/>\t\t\t\t\t\t\t\t<\/a>\n\t\t\t\t\t\t\t\t\t\t\t\t\t\t\t<\/div>\n\t\t\t\t<\/div>\n\t\t\t\t<div class=\"elementor-element elementor-element-6d1c69a0 elementor-widget elementor-widget-heading\" data-id=\"6d1c69a0\" data-element_type=\"widget\" data-widget_type=\"heading.default\">\n\t\t\t\t<div class=\"elementor-widget-container\">\n\t\t\t\t\t<h2 class=\"elementor-heading-title elementor-size-default\"><a href=\"http:\/\/renzbr.com\/es\/conversor-usb\/\">Convertidor USB<\/a><\/h2>\t\t\t\t<\/div>\n\t\t\t\t<\/div>\n\t\t\t\t\t<\/div>\n\t\t<\/div>\n\t\t\t\t<div class=\"elementor-column elementor-col-33 elementor-inner-column elementor-element elementor-element-fefa9c3\" data-id=\"fefa9c3\" data-element_type=\"column\">\n\t\t\t<div class=\"elementor-widget-wrap elementor-element-populated\">\n\t\t\t\t\t\t<div class=\"elementor-element elementor-element-6c22ccd2 elementor-widget elementor-widget-image\" data-id=\"6c22ccd2\" data-element_type=\"widget\" data-widget_type=\"image.default\">\n\t\t\t\t<div class=\"elementor-widget-container\">\n\t\t\t\t\t\t\t\t\t\t\t\t\t\t\t\t<a href=\"http:\/\/renzbr.com\/es\/instrumentos-digitais\/\">\n\t\t\t\t\t\t\t<img loading=\"lazy\" decoding=\"async\" width=\"200\" height=\"200\" src=\"https:\/\/renzbr.com\/wp-content\/uploads\/2023\/08\/inst-digit_azul.png\" class=\"attachment-large size-large wp-image-405\" alt=\"\" srcset=\"https:\/\/renzbr.com\/wp-content\/uploads\/2023\/08\/inst-digit_azul.png 200w, https:\/\/renzbr.com\/wp-content\/uploads\/2023\/08\/inst-digit_azul-150x150.png 150w\" sizes=\"(max-width: 200px) 100vw, 200px\" \/>\t\t\t\t\t\t\t\t<\/a>\n\t\t\t\t\t\t\t\t\t\t\t\t\t\t\t<\/div>\n\t\t\t\t<\/div>\n\t\t\t\t<div class=\"elementor-element elementor-element-7ac95e65 elementor-widget elementor-widget-heading\" data-id=\"7ac95e65\" data-element_type=\"widget\" data-widget_type=\"heading.default\">\n\t\t\t\t<div class=\"elementor-widget-container\">\n\t\t\t\t\t<h2 class=\"elementor-heading-title elementor-size-default\"><a href=\"http:\/\/renzbr.com\/es\/instrumentos-digitais\/\">Instrumentos Digitales<\/a><\/h2>\t\t\t\t<\/div>\n\t\t\t\t<\/div>\n\t\t\t\t\t<\/div>\n\t\t<\/div>\n\t\t\t\t\t<\/div>\n\t\t<\/section>\n\t\t\t\t\t<\/div>\n\t\t<\/div>\n\t\t\t\t\t<\/div>\n\t\t<\/section>\n\t\t\t\t<section class=\"elementor-section elementor-top-section elementor-element elementor-element-9ae5e30 elementor-section-boxed elementor-section-height-default elementor-section-height-default\" data-id=\"9ae5e30\" data-element_type=\"section\">\n\t\t\t\t\t\t<div class=\"elementor-container elementor-column-gap-default\">\n\t\t\t\t\t<div class=\"elementor-column elementor-col-33 elementor-top-column elementor-element elementor-element-913a452\" data-id=\"913a452\" data-element_type=\"column\">\n\t\t\t<div class=\"elementor-widget-wrap elementor-element-populated\">\n\t\t\t\t\t\t<div class=\"elementor-element elementor-element-17ebf207 elementor-widget elementor-widget-image\" data-id=\"17ebf207\" data-element_type=\"widget\" data-widget_type=\"image.default\">\n\t\t\t\t<div class=\"elementor-widget-container\">\n\t\t\t\t\t\t\t\t\t\t\t\t\t\t\t\t<a href=\"http:\/\/renzbr.com\/es\/frequencimetros\/\">\n\t\t\t\t\t\t\t<img loading=\"lazy\" decoding=\"async\" width=\"200\" height=\"200\" src=\"https:\/\/renzbr.com\/wp-content\/uploads\/2023\/08\/frequencimetro_azul.png\" class=\"attachment-large size-large wp-image-492\" alt=\"\" srcset=\"https:\/\/renzbr.com\/wp-content\/uploads\/2023\/08\/frequencimetro_azul.png 200w, https:\/\/renzbr.com\/wp-content\/uploads\/2023\/08\/frequencimetro_azul-150x150.png 150w\" sizes=\"(max-width: 200px) 100vw, 200px\" \/>\t\t\t\t\t\t\t\t<\/a>\n\t\t\t\t\t\t\t\t\t\t\t\t\t\t\t<\/div>\n\t\t\t\t<\/div>\n\t\t\t\t<div class=\"elementor-element elementor-element-68d2ee9 elementor-widget elementor-widget-heading\" data-id=\"68d2ee9\" data-element_type=\"widget\" data-widget_type=\"heading.default\">\n\t\t\t\t<div class=\"elementor-widget-container\">\n\t\t\t\t\t<h2 class=\"elementor-heading-title elementor-size-default\"><a href=\"http:\/\/renzbr.com\/es\/frequencimetros\/\">Medidores de Frecuencia<\/a><\/h2>\t\t\t\t<\/div>\n\t\t\t\t<\/div>\n\t\t\t\t\t<\/div>\n\t\t<\/div>\n\t\t\t\t<div class=\"elementor-column elementor-col-33 elementor-top-column elementor-element elementor-element-fd4a68d\" data-id=\"fd4a68d\" data-element_type=\"column\">\n\t\t\t<div class=\"elementor-widget-wrap elementor-element-populated\">\n\t\t\t\t\t\t<div class=\"elementor-element elementor-element-541e9d84 elementor-widget elementor-widget-image\" data-id=\"541e9d84\" data-element_type=\"widget\" data-widget_type=\"image.default\">\n\t\t\t\t<div class=\"elementor-widget-container\">\n\t\t\t\t\t\t\t\t\t\t\t\t\t\t\t\t<a href=\"http:\/\/renzbr.com\/es\/chaves-eletricas-e-congeneres\/\">\n\t\t\t\t\t\t\t<img loading=\"lazy\" decoding=\"async\" width=\"200\" height=\"200\" src=\"https:\/\/renzbr.com\/wp-content\/uploads\/2023\/08\/chave-eletrica_azul.png\" class=\"attachment-large size-large wp-image-490\" alt=\"\" srcset=\"https:\/\/renzbr.com\/wp-content\/uploads\/2023\/08\/chave-eletrica_azul.png 200w, https:\/\/renzbr.com\/wp-content\/uploads\/2023\/08\/chave-eletrica_azul-150x150.png 150w\" sizes=\"(max-width: 200px) 100vw, 200px\" \/>\t\t\t\t\t\t\t\t<\/a>\n\t\t\t\t\t\t\t\t\t\t\t\t\t\t\t<\/div>\n\t\t\t\t<\/div>\n\t\t\t\t<div class=\"elementor-element elementor-element-15c23093 elementor-widget elementor-widget-heading\" data-id=\"15c23093\" data-element_type=\"widget\" data-widget_type=\"heading.default\">\n\t\t\t\t<div class=\"elementor-widget-container\">\n\t\t\t\t\t<h2 class=\"elementor-heading-title elementor-size-default\"><a href=\"http:\/\/renzbr.com\/es\/chaves-eletricas-e-congeneres\/\">Interruptores El\u00e9ctricos y Similares<\/a><\/h2>\t\t\t\t<\/div>\n\t\t\t\t<\/div>\n\t\t\t\t\t<\/div>\n\t\t<\/div>\n\t\t\t\t<div class=\"elementor-column elementor-col-33 elementor-top-column elementor-element elementor-element-d156372\" data-id=\"d156372\" data-element_type=\"column\">\n\t\t\t<div class=\"elementor-widget-wrap\">\n\t\t\t\t\t\t\t<\/div>\n\t\t<\/div>\n\t\t\t\t\t<\/div>\n\t\t<\/section>\n\t\t\t\t<\/div>","protected":false},"excerpt":{"rendered":"<p>Transformadores de Corrente Multimedidores Derivadores de Corrente (Shunt) Instrumentos de Ferro M\u00f3vel (C.A) Instrumentos de Escala Intercambi\u00e1vel (C.A) Instrumentos de Bobina M\u00f3vel (C.C) &#8211; 90\u00b0 Instrumentos de Bobina M\u00f3vel (C.C) &#8211; 240\u00b0 Conversor USB Instrumentos Digitais Frequenc\u00edmetros Chaves El\u00e9tricas e Cong\u00eaneres<\/p>","protected":false},"author":1,"featured_media":0,"parent":0,"menu_order":0,"comment_status":"closed","ping_status":"closed","template":"","meta":{"footnotes":""},"class_list":["post-536","page","type-page","status-publish","hentry"],"blocksy_meta":[],"_links":{"self":[{"href":"https:\/\/renzbr.com\/es\/wp-json\/wp\/v2\/pages\/536","targetHints":{"allow":["GET"]}}],"collection":[{"href":"https:\/\/renzbr.com\/es\/wp-json\/wp\/v2\/pages"}],"about":[{"href":"https:\/\/renzbr.com\/es\/wp-json\/wp\/v2\/types\/page"}],"author":[{"embeddable":true,"href":"https:\/\/renzbr.com\/es\/wp-json\/wp\/v2\/users\/1"}],"replies":[{"embeddable":true,"href":"https:\/\/renzbr.com\/es\/wp-json\/wp\/v2\/comments?post=536"}],"version-history":[{"count":13,"href":"https:\/\/renzbr.com\/es\/wp-json\/wp\/v2\/pages\/536\/revisions"}],"predecessor-version":[{"id":923,"href":"https:\/\/renzbr.com\/es\/wp-json\/wp\/v2\/pages\/536\/revisions\/923"}],"wp:attachment":[{"href":"https:\/\/renzbr.com\/es\/wp-json\/wp\/v2\/media?parent=536"}],"curies":[{"name":"wp","href":"https:\/\/api.w.org\/{rel}","templated":true}]}}