{"id":446,"date":"2023-08-09T00:06:22","date_gmt":"2023-08-09T03:06:22","guid":{"rendered":"http:\/\/renzbr.com.br\/?page_id=446"},"modified":"2023-11-21T09:21:22","modified_gmt":"2023-11-21T12:21:22","slug":"industria","status":"publish","type":"page","link":"https:\/\/renzbr.com\/es\/industria\/","title":{"rendered":"Industria"},"content":{"rendered":"<div data-elementor-type=\"wp-page\" data-elementor-id=\"446\" class=\"elementor elementor-446\" data-elementor-post-type=\"page\">\n\t\t\t\t\t\t<section class=\"elementor-section elementor-top-section elementor-element elementor-element-c95b3e7 elementor-section-boxed elementor-section-height-default elementor-section-height-default\" data-id=\"c95b3e7\" data-element_type=\"section\">\n\t\t\t\t\t\t<div class=\"elementor-container elementor-column-gap-wider\">\n\t\t\t\t\t<div class=\"elementor-column elementor-col-50 elementor-top-column elementor-element elementor-element-1ba4c8c\" data-id=\"1ba4c8c\" data-element_type=\"column\">\n\t\t\t<div class=\"elementor-widget-wrap elementor-element-populated\">\n\t\t\t\t\t\t<div class=\"elementor-element elementor-element-f2b223f elementor-widget elementor-widget-image\" data-id=\"f2b223f\" data-element_type=\"widget\" data-widget_type=\"image.default\">\n\t\t\t\t<div class=\"elementor-widget-container\">\n\t\t\t\t\t\t\t\t\t\t\t\t\t\t\t<img fetchpriority=\"high\" decoding=\"async\" width=\"740\" height=\"494\" src=\"https:\/\/renzbr.com\/wp-content\/uploads\/2023\/08\/industria-1.jpg\" class=\"attachment-large size-large wp-image-476\" alt=\"\" srcset=\"https:\/\/renzbr.com\/wp-content\/uploads\/2023\/08\/industria-1.jpg 740w, https:\/\/renzbr.com\/wp-content\/uploads\/2023\/08\/industria-1-300x200.jpg 300w, https:\/\/renzbr.com\/wp-content\/uploads\/2023\/08\/industria-1-200x134.jpg 200w\" sizes=\"(max-width: 740px) 100vw, 740px\" \/>\t\t\t\t\t\t\t\t\t\t\t\t\t\t\t<\/div>\n\t\t\t\t<\/div>\n\t\t\t\t\t<\/div>\n\t\t<\/div>\n\t\t\t\t<div class=\"elementor-column elementor-col-50 elementor-top-column elementor-element elementor-element-dc83e02\" data-id=\"dc83e02\" data-element_type=\"column\">\n\t\t\t<div class=\"elementor-widget-wrap elementor-element-populated\">\n\t\t\t\t\t\t<div class=\"elementor-element elementor-element-bf1d7b6 elementor-widget elementor-widget-text-editor\" data-id=\"bf1d7b6\" data-element_type=\"widget\" data-widget_type=\"text-editor.default\">\n\t\t\t\t<div class=\"elementor-widget-container\">\n\t\t\t\t\t\t\t\t\t<p>Renz ofrece a clientes y socios las mejores soluciones para la obtenci\u00f3n de energ\u00eda el\u00e9ctrica de calidad.<\/p><p>Nosso portf\u00f3lio de medidores possibilita medi\u00e7\u00f5es integradas, an\u00e1lise da efici\u00eancia energ\u00e9tica, an\u00e1lise da qualidade de energia, transformadores de corrente, multimedidores e softwares para leitura e monitoramento de sua instala\u00e7\u00e3o.<\/p>\t\t\t\t\t\t\t\t<\/div>\n\t\t\t\t<\/div>\n\t\t\t\t\t<\/div>\n\t\t<\/div>\n\t\t\t\t\t<\/div>\n\t\t<\/section>\n\t\t\t\t<\/div>","protected":false},"excerpt":{"rendered":"<p>A Renz oferece aos clientes e parceiros as melhores solu\u00e7\u00f5es para a obten\u00e7\u00e3o da qualidade de energia el\u00e9trica. Nosso portf\u00f3lio de medidores possibilita medi\u00e7\u00f5es integradas, an\u00e1lise da efici\u00eancia energ\u00e9tica, an\u00e1lise da qualidade de energia, transformadores de corrente, multimedidores e softwares para leitura e monitoramento de sua instala\u00e7\u00e3o.<\/p>","protected":false},"author":1,"featured_media":0,"parent":0,"menu_order":0,"comment_status":"closed","ping_status":"closed","template":"","meta":{"footnotes":""},"class_list":["post-446","page","type-page","status-publish","hentry"],"blocksy_meta":[],"_links":{"self":[{"href":"https:\/\/renzbr.com\/es\/wp-json\/wp\/v2\/pages\/446","targetHints":{"allow":["GET"]}}],"collection":[{"href":"https:\/\/renzbr.com\/es\/wp-json\/wp\/v2\/pages"}],"about":[{"href":"https:\/\/renzbr.com\/es\/wp-json\/wp\/v2\/types\/page"}],"author":[{"embeddable":true,"href":"https:\/\/renzbr.com\/es\/wp-json\/wp\/v2\/users\/1"}],"replies":[{"embeddable":true,"href":"https:\/\/renzbr.com\/es\/wp-json\/wp\/v2\/comments?post=446"}],"version-history":[{"count":7,"href":"https:\/\/renzbr.com\/es\/wp-json\/wp\/v2\/pages\/446\/revisions"}],"predecessor-version":[{"id":482,"href":"https:\/\/renzbr.com\/es\/wp-json\/wp\/v2\/pages\/446\/revisions\/482"}],"wp:attachment":[{"href":"https:\/\/renzbr.com\/es\/wp-json\/wp\/v2\/media?parent=446"}],"curies":[{"name":"wp","href":"https:\/\/api.w.org\/{rel}","templated":true}]}}