{"id":429,"date":"2023-08-08T23:56:18","date_gmt":"2023-08-09T02:56:18","guid":{"rendered":"http:\/\/renzbr.com.br\/?page_id=429"},"modified":"2023-08-09T22:43:47","modified_gmt":"2023-08-10T01:43:47","slug":"carregadores-de-bateria","status":"publish","type":"page","link":"https:\/\/renzbr.com\/es\/carregadores-de-bateria\/","title":{"rendered":"Cargadores de Bateria"},"content":{"rendered":"<div data-elementor-type=\"wp-page\" data-elementor-id=\"429\" class=\"elementor elementor-429\" data-elementor-post-type=\"page\">\n\t\t\t\t\t\t<section class=\"elementor-section elementor-top-section elementor-element elementor-element-35245ad elementor-section-boxed elementor-section-height-default elementor-section-height-default\" data-id=\"35245ad\" data-element_type=\"section\">\n\t\t\t\t\t\t<div class=\"elementor-container elementor-column-gap-wider\">\n\t\t\t\t\t<div class=\"elementor-column elementor-col-50 elementor-top-column elementor-element elementor-element-31de0ac\" data-id=\"31de0ac\" data-element_type=\"column\">\n\t\t\t<div class=\"elementor-widget-wrap elementor-element-populated\">\n\t\t\t\t\t\t<div class=\"elementor-element elementor-element-d5d7812 elementor-widget elementor-widget-image\" data-id=\"d5d7812\" data-element_type=\"widget\" data-widget_type=\"image.default\">\n\t\t\t\t<div class=\"elementor-widget-container\">\n\t\t\t\t\t\t\t\t\t\t\t\t\t\t\t<img fetchpriority=\"high\" decoding=\"async\" width=\"740\" height=\"494\" src=\"https:\/\/renzbr.com\/wp-content\/uploads\/2023\/08\/carregador-de-bateria.jpg\" class=\"attachment-large size-large wp-image-475\" alt=\"\" srcset=\"https:\/\/renzbr.com\/wp-content\/uploads\/2023\/08\/carregador-de-bateria.jpg 740w, https:\/\/renzbr.com\/wp-content\/uploads\/2023\/08\/carregador-de-bateria-300x200.jpg 300w, https:\/\/renzbr.com\/wp-content\/uploads\/2023\/08\/carregador-de-bateria-200x134.jpg 200w\" sizes=\"(max-width: 740px) 100vw, 740px\" \/>\t\t\t\t\t\t\t\t\t\t\t\t\t\t\t<\/div>\n\t\t\t\t<\/div>\n\t\t\t\t\t<\/div>\n\t\t<\/div>\n\t\t\t\t<div class=\"elementor-column elementor-col-50 elementor-top-column elementor-element elementor-element-5757988\" data-id=\"5757988\" data-element_type=\"column\">\n\t\t\t<div class=\"elementor-widget-wrap elementor-element-populated\">\n\t\t\t\t\t\t<div class=\"elementor-element elementor-element-68aedd7 elementor-widget elementor-widget-text-editor\" data-id=\"68aedd7\" data-element_type=\"widget\" data-widget_type=\"text-editor.default\">\n\t\t\t\t<div class=\"elementor-widget-container\">\n\t\t\t\t\t\t\t\t\t<p>Ofrecemos recursos integrados para las m\u00e1s diversas necesidades del mercado de recarga de bater\u00edas.<\/p><p>A linha de medidores anal\u00f3gicos com design de escalas diferenciados visa otimizar o sistema de medi\u00e7\u00e3o e garantir a qualidade e a vida \u00fatil das baterias. A linha digital tamb\u00e9m oferece sofistica\u00e7\u00e3o e moderniza\u00e7\u00e3o para os carregadores.<\/p>\t\t\t\t\t\t\t\t<\/div>\n\t\t\t\t<\/div>\n\t\t\t\t\t<\/div>\n\t\t<\/div>\n\t\t\t\t\t<\/div>\n\t\t<\/section>\n\t\t\t\t<\/div>","protected":false},"excerpt":{"rendered":"<p>Oferecemos recursos integrados para as mais diversas necessidades do mercado de recarga de bateria. A linha de medidores anal\u00f3gicos com design de escalas diferenciados visa otimizar o sistema de medi\u00e7\u00e3o e garantir a qualidade e a vida \u00fatil das baterias. A linha digital tamb\u00e9m oferece sofistica\u00e7\u00e3o e moderniza\u00e7\u00e3o para os carregadores.<\/p>","protected":false},"author":1,"featured_media":0,"parent":0,"menu_order":0,"comment_status":"closed","ping_status":"closed","template":"","meta":{"footnotes":""},"class_list":["post-429","page","type-page","status-publish","hentry"],"blocksy_meta":[],"_links":{"self":[{"href":"https:\/\/renzbr.com\/es\/wp-json\/wp\/v2\/pages\/429","targetHints":{"allow":["GET"]}}],"collection":[{"href":"https:\/\/renzbr.com\/es\/wp-json\/wp\/v2\/pages"}],"about":[{"href":"https:\/\/renzbr.com\/es\/wp-json\/wp\/v2\/types\/page"}],"author":[{"embeddable":true,"href":"https:\/\/renzbr.com\/es\/wp-json\/wp\/v2\/users\/1"}],"replies":[{"embeddable":true,"href":"https:\/\/renzbr.com\/es\/wp-json\/wp\/v2\/comments?post=429"}],"version-history":[{"count":7,"href":"https:\/\/renzbr.com\/es\/wp-json\/wp\/v2\/pages\/429\/revisions"}],"predecessor-version":[{"id":488,"href":"https:\/\/renzbr.com\/es\/wp-json\/wp\/v2\/pages\/429\/revisions\/488"}],"wp:attachment":[{"href":"https:\/\/renzbr.com\/es\/wp-json\/wp\/v2\/media?parent=429"}],"curies":[{"name":"wp","href":"https:\/\/api.w.org\/{rel}","templated":true}]}}