{"id":423,"date":"2023-08-08T21:19:22","date_gmt":"2023-08-09T00:19:22","guid":{"rendered":"http:\/\/renzbr.com.br\/?page_id=423"},"modified":"2023-11-21T09:22:19","modified_gmt":"2023-11-21T12:22:19","slug":"montagem-de-painel","status":"publish","type":"page","link":"https:\/\/renzbr.com\/es\/montagem-de-painel\/","title":{"rendered":"Montaje de Paneles"},"content":{"rendered":"<div data-elementor-type=\"wp-page\" data-elementor-id=\"423\" class=\"elementor elementor-423\" data-elementor-post-type=\"page\">\n\t\t\t\t\t\t<section class=\"elementor-section elementor-top-section elementor-element elementor-element-98a304a elementor-section-boxed elementor-section-height-default elementor-section-height-default\" data-id=\"98a304a\" data-element_type=\"section\">\n\t\t\t\t\t\t<div class=\"elementor-container elementor-column-gap-wider\">\n\t\t\t\t\t<div class=\"elementor-column elementor-col-50 elementor-top-column elementor-element elementor-element-ae5c1d7\" data-id=\"ae5c1d7\" data-element_type=\"column\">\n\t\t\t<div class=\"elementor-widget-wrap elementor-element-populated\">\n\t\t\t\t\t\t<div class=\"elementor-element elementor-element-9858259 elementor-widget elementor-widget-image\" data-id=\"9858259\" data-element_type=\"widget\" data-widget_type=\"image.default\">\n\t\t\t\t<div class=\"elementor-widget-container\">\n\t\t\t\t\t\t\t\t\t\t\t\t\t\t\t<img fetchpriority=\"high\" decoding=\"async\" width=\"740\" height=\"494\" src=\"https:\/\/renzbr.com\/wp-content\/uploads\/2023\/08\/montagem_painel-1.jpg\" class=\"attachment-large size-large wp-image-474\" alt=\"\" srcset=\"https:\/\/renzbr.com\/wp-content\/uploads\/2023\/08\/montagem_painel-1.jpg 740w, https:\/\/renzbr.com\/wp-content\/uploads\/2023\/08\/montagem_painel-1-300x200.jpg 300w, https:\/\/renzbr.com\/wp-content\/uploads\/2023\/08\/montagem_painel-1-200x134.jpg 200w\" sizes=\"(max-width: 740px) 100vw, 740px\" \/>\t\t\t\t\t\t\t\t\t\t\t\t\t\t\t<\/div>\n\t\t\t\t<\/div>\n\t\t\t\t\t<\/div>\n\t\t<\/div>\n\t\t\t\t<div class=\"elementor-column elementor-col-50 elementor-top-column elementor-element elementor-element-677c7ab\" data-id=\"677c7ab\" data-element_type=\"column\">\n\t\t\t<div class=\"elementor-widget-wrap elementor-element-populated\">\n\t\t\t\t\t\t<div class=\"elementor-element elementor-element-6a36f4c elementor-widget elementor-widget-text-editor\" data-id=\"6a36f4c\" data-element_type=\"widget\" data-widget_type=\"text-editor.default\">\n\t\t\t\t<div class=\"elementor-widget-container\">\n\t\t\t\t\t\t\t\t\t<p>Los medidores Renz son de alta tecnolog\u00eda y ofrecen una soluci\u00f3n para su instalaci\u00f3n el\u00e9ctrica.<\/p><p>A Renz fabrica medidores de energia el\u00e9trica (anal\u00f3gicos e digitais), tais como: volt\u00edmetros, amper\u00edmetros, frequenc\u00edmetros, medidores de temperatura, tac\u00f4metros (rpm) e multimedidores. Tamb\u00e9m faz parte do portf\u00f3lio os transformadores de corrente (TCs), derivadores de corrente (shunts), chaves el\u00e9tricas e cong\u00eaneres do ramo.<\/p>\t\t\t\t\t\t\t\t<\/div>\n\t\t\t\t<\/div>\n\t\t\t\t\t<\/div>\n\t\t<\/div>\n\t\t\t\t\t<\/div>\n\t\t<\/section>\n\t\t\t\t<\/div>","protected":false},"excerpt":{"rendered":"<p>Os medidores da Renz s\u00e3o de alta tecnologia e oferece solu\u00e7\u00e3o para sua instala\u00e7\u00e3o el\u00e9trica. A Renz fabrica medidores de energia el\u00e9trica (anal\u00f3gicos e digitais), tais como: volt\u00edmetros, amper\u00edmetros, frequenc\u00edmetros, medidores de temperatura, tac\u00f4metros (rpm) e multimedidores. Tamb\u00e9m faz parte do portf\u00f3lio os transformadores de corrente (TCs), derivadores de corrente (shunts), chaves el\u00e9tricas e cong\u00eaneres [&hellip;]<\/p>","protected":false},"author":1,"featured_media":0,"parent":0,"menu_order":0,"comment_status":"closed","ping_status":"closed","template":"","meta":{"footnotes":""},"class_list":["post-423","page","type-page","status-publish","hentry"],"blocksy_meta":[],"_links":{"self":[{"href":"https:\/\/renzbr.com\/es\/wp-json\/wp\/v2\/pages\/423","targetHints":{"allow":["GET"]}}],"collection":[{"href":"https:\/\/renzbr.com\/es\/wp-json\/wp\/v2\/pages"}],"about":[{"href":"https:\/\/renzbr.com\/es\/wp-json\/wp\/v2\/types\/page"}],"author":[{"embeddable":true,"href":"https:\/\/renzbr.com\/es\/wp-json\/wp\/v2\/users\/1"}],"replies":[{"embeddable":true,"href":"https:\/\/renzbr.com\/es\/wp-json\/wp\/v2\/comments?post=423"}],"version-history":[{"count":11,"href":"https:\/\/renzbr.com\/es\/wp-json\/wp\/v2\/pages\/423\/revisions"}],"predecessor-version":[{"id":939,"href":"https:\/\/renzbr.com\/es\/wp-json\/wp\/v2\/pages\/423\/revisions\/939"}],"wp:attachment":[{"href":"https:\/\/renzbr.com\/es\/wp-json\/wp\/v2\/media?parent=423"}],"curies":[{"name":"wp","href":"https:\/\/api.w.org\/{rel}","templated":true}]}}