{"id":327,"date":"2023-08-01T16:53:39","date_gmt":"2023-08-01T19:53:39","guid":{"rendered":"http:\/\/renzbr.com.br\/?page_id=327"},"modified":"2025-08-12T16:40:33","modified_gmt":"2025-08-12T19:40:33","slug":"qualidade","status":"publish","type":"page","link":"https:\/\/renzbr.com\/es\/qualidade\/","title":{"rendered":"Calidad"},"content":{"rendered":"<h3>POL\u00cdTICA DE CALIDAD<\/h3>\n<p>A Renz Instrumentos El\u00e9tricos e a TC Medidores projetam, fabricam e comercializam aparelhos el\u00e9tricos de medi\u00e7\u00e3o e controle, inje\u00e7\u00e3o de pe\u00e7as pl\u00e1sticas os quais atendem as especifica\u00e7\u00f5es, requisitos aplic\u00e1veis e as expectativas dos clientes, oferecendo-lhes qualidade, custo competitivo e prazo, buscando a melhoria cont\u00ednua e a efic\u00e1cia do S.G.Q, atrav\u00e9s de:<\/p>\n<p>\u2022 Treinamento dos colaboradores;<br \/>\n\u2022 Qualifica\u00e7\u00e3o dos fornecedores e<br \/>\n\u2022 Revisar sistematicamente os objetivos da qualidade.<\/p>\n<p><a href=\"http:\/\/renzbr.com\/es\/download\/FM523345-001.pdf\/\" target=\"_blank\" rel=\"noopener\"><strong>Haga clic aqu\u00ed<\/strong><\/a> para ver nuestra certificaci\u00f3n de calidad.<\/p>\n<h3>SOSTENIBILIDAD<\/h3>\n<p>Renz Instrumentos El\u00e9tricos opera en el segmento de instrumentaci\u00f3n de tableros y apunta a un mercado laboral donde pueda combinar la producci\u00f3n con el cuidado del medio ambiente, definiendo un conjunto de pr\u00e1cticas que buscan demostrar su respeto y preocupaci\u00f3n por las condiciones del medio ambiente y de la sociedad en la que se encuentran.<\/p>\n<p>Renz valora utilizar productos que sean reciclables o reciclados en toda su l\u00ednea de producci\u00f3n, el \u00fanico impacto que busca generar es un impacto positivo en la sociedad y el medio ambiente.<\/p>\n<p><strong>\u2728Acciones que mejoran el desempe\u00f1o en sustentabilidad dentro de la empresa:<\/strong><\/p>\n<ul>\n<li>Material de limpieza biodegradable;<\/li>\n<li>Recogida selectiva dentro de la empresa;<\/li>\n<li>Alianza con empresas que brindan servicios de disposici\u00f3n correcta de recolecci\u00f3n selectiva y de productos qu\u00edmicos como pinturas y solventes. Servicios de limpieza industrial con toallas contribuyendo as\u00ed a la eliminaci\u00f3n del uso de estopas contaminadas con aceites, grasas y solventes (Cleanroom).<\/li>\n<li>Servicios de reciclaje de l\u00e1mparas fluorescentes, enfocados a la correcta eliminaci\u00f3n del producto. El servicio est\u00e1 regulado por organismos y agencias ambientales brasile\u00f1os. La trazabilidad y constancia del correcto destino de los residuos se garantiza a trav\u00e9s del Certificado de Destino Final de Residuos. Servicios de eliminaci\u00f3n correcta para la eliminaci\u00f3n de bater\u00edas, equipos electr\u00f3nicos.<\/li>\n<li>Proceso de log\u00edstica inversa para controlar el flujo de residuos postconsumo, con el objetivo de realizar una adecuada disposici\u00f3n;<\/li>\n<li>Utiliza racionalmente los recursos naturales;<\/li>\n<li>Invierte en tecnolog\u00edas e insumos que reduzcan los impactos ambientales de sus actividades;<\/li>\n<li>Apoya a la comunidad y sus proyectos ambientales.<\/li>\n<\/ul>\n<p>La empresa busca desarrollar soluciones innovadoras y eficientes para los buenos negocios y la competitividad con menores insumos y el menor impacto ambiental posible, manteniendo la calidad de nuestros productos y procesos.<\/p>","protected":false},"excerpt":{"rendered":"<p>POL\u00cdTICA DE QUALIDADE A Renz Instrumentos El\u00e9tricos e a TC Medidores projetam, fabricam e comercializam aparelhos el\u00e9tricos de medi\u00e7\u00e3o e controle, inje\u00e7\u00e3o de pe\u00e7as pl\u00e1sticas os quais atendem as especifica\u00e7\u00f5es, requisitos aplic\u00e1veis e as expectativas dos clientes, oferecendo-lhes qualidade, custo competitivo e prazo, buscando a melhoria cont\u00ednua e a efic\u00e1cia do S.G.Q, atrav\u00e9s de: \u2022 [&hellip;]<\/p>","protected":false},"author":1,"featured_media":0,"parent":0,"menu_order":0,"comment_status":"closed","ping_status":"closed","template":"","meta":{"footnotes":""},"class_list":["post-327","page","type-page","status-publish","hentry"],"blocksy_meta":[],"_links":{"self":[{"href":"https:\/\/renzbr.com\/es\/wp-json\/wp\/v2\/pages\/327","targetHints":{"allow":["GET"]}}],"collection":[{"href":"https:\/\/renzbr.com\/es\/wp-json\/wp\/v2\/pages"}],"about":[{"href":"https:\/\/renzbr.com\/es\/wp-json\/wp\/v2\/types\/page"}],"author":[{"embeddable":true,"href":"https:\/\/renzbr.com\/es\/wp-json\/wp\/v2\/users\/1"}],"replies":[{"embeddable":true,"href":"https:\/\/renzbr.com\/es\/wp-json\/wp\/v2\/comments?post=327"}],"version-history":[{"count":17,"href":"https:\/\/renzbr.com\/es\/wp-json\/wp\/v2\/pages\/327\/revisions"}],"predecessor-version":[{"id":1025,"href":"https:\/\/renzbr.com\/es\/wp-json\/wp\/v2\/pages\/327\/revisions\/1025"}],"wp:attachment":[{"href":"https:\/\/renzbr.com\/es\/wp-json\/wp\/v2\/media?parent=327"}],"curies":[{"name":"wp","href":"https:\/\/api.w.org\/{rel}","templated":true}]}}