{"id":310,"date":"2023-08-01T16:17:04","date_gmt":"2023-08-01T19:17:04","guid":{"rendered":"http:\/\/renzbr.com.br\/?page_id=310"},"modified":"2023-08-09T00:18:09","modified_gmt":"2023-08-09T03:18:09","slug":"quem-somos","status":"publish","type":"page","link":"https:\/\/renzbr.com\/es\/quem-somos\/","title":{"rendered":"Quienes somos"},"content":{"rendered":"<div data-elementor-type=\"wp-page\" data-elementor-id=\"310\" class=\"elementor elementor-310\" data-elementor-post-type=\"page\">\n\t\t\t\t\t\t<section class=\"elementor-section elementor-top-section elementor-element elementor-element-05abd4f elementor-section-boxed elementor-section-height-default elementor-section-height-default\" data-id=\"05abd4f\" data-element_type=\"section\">\n\t\t\t\t\t\t<div class=\"elementor-container elementor-column-gap-wider\">\n\t\t\t\t\t<div class=\"elementor-column elementor-col-50 elementor-top-column elementor-element elementor-element-3cb3709\" data-id=\"3cb3709\" data-element_type=\"column\">\n\t\t\t<div class=\"elementor-widget-wrap elementor-element-populated\">\n\t\t\t\t\t\t<div class=\"elementor-element elementor-element-4c663c8 elementor-widget elementor-widget-gallery\" data-id=\"4c663c8\" data-element_type=\"widget\" data-settings=\"{&quot;columns&quot;:1,&quot;lazyload&quot;:&quot;yes&quot;,&quot;gallery_layout&quot;:&quot;grid&quot;,&quot;columns_tablet&quot;:2,&quot;columns_mobile&quot;:1,&quot;gap&quot;:{&quot;unit&quot;:&quot;px&quot;,&quot;size&quot;:10,&quot;sizes&quot;:[]},&quot;gap_tablet&quot;:{&quot;unit&quot;:&quot;px&quot;,&quot;size&quot;:10,&quot;sizes&quot;:[]},&quot;gap_mobile&quot;:{&quot;unit&quot;:&quot;px&quot;,&quot;size&quot;:10,&quot;sizes&quot;:[]},&quot;link_to&quot;:&quot;file&quot;,&quot;aspect_ratio&quot;:&quot;3:2&quot;,&quot;overlay_background&quot;:&quot;yes&quot;,&quot;content_hover_animation&quot;:&quot;fade-in&quot;}\" data-widget_type=\"gallery.default\">\n\t\t\t\t<div class=\"elementor-widget-container\">\n\t\t\t\t\t\t\t<div class=\"elementor-gallery__container\">\n\t\t\t\t\t\t\t<a class=\"e-gallery-item elementor-gallery-item elementor-animated-content\" href=\"https:\/\/renzbr.com\/wp-content\/uploads\/2023\/07\/historia-1.jpg\" data-elementor-open-lightbox=\"yes\" data-elementor-lightbox-slideshow=\"4c663c8\" data-elementor-lightbox-title=\"historia\" data-e-action-hash=\"#elementor-action%3Aaction%3Dlightbox%26settings%3DeyJpZCI6MzAsInVybCI6Imh0dHBzOlwvXC9yZW56YnIuY29tXC93cC1jb250ZW50XC91cGxvYWRzXC8yMDIzXC8wN1wvaGlzdG9yaWEtMS5qcGciLCJzbGlkZXNob3ciOiI0YzY2M2M4In0%3D\">\n\t\t\t\t\t<div class=\"e-gallery-image elementor-gallery-item__image\" data-thumbnail=\"https:\/\/renzbr.com\/wp-content\/uploads\/2023\/07\/historia-1-225x300.jpg\" data-width=\"225\" data-height=\"300\" aria-label=\"\" role=\"img\" ><\/div>\n\t\t\t\t\t\t\t\t\t\t\t<div class=\"elementor-gallery-item__overlay\"><\/div>\n\t\t\t\t\t\t\t\t\t\t\t\t\t\t<\/a>\n\t\t\t\t\t\t\t<a class=\"e-gallery-item elementor-gallery-item elementor-animated-content\" href=\"https:\/\/renzbr.com\/wp-content\/uploads\/2023\/08\/52_5_banco-scaled.jpg\" data-elementor-open-lightbox=\"yes\" data-elementor-lightbox-slideshow=\"4c663c8\" data-elementor-lightbox-title=\"52_5_banco\" data-e-action-hash=\"#elementor-action%3Aaction%3Dlightbox%26settings%3DeyJpZCI6MzEzLCJ1cmwiOiJodHRwczpcL1wvcmVuemJyLmNvbVwvd3AtY29udGVudFwvdXBsb2Fkc1wvMjAyM1wvMDhcLzUyXzVfYmFuY28tc2NhbGVkLmpwZyIsInNsaWRlc2hvdyI6IjRjNjYzYzgifQ%3D%3D\">\n\t\t\t\t\t<div class=\"e-gallery-image elementor-gallery-item__image\" data-thumbnail=\"https:\/\/renzbr.com\/wp-content\/uploads\/2023\/08\/52_5_banco-300x225.jpg\" data-width=\"300\" data-height=\"225\" aria-label=\"\" role=\"img\" ><\/div>\n\t\t\t\t\t\t\t\t\t\t\t<div class=\"elementor-gallery-item__overlay\"><\/div>\n\t\t\t\t\t\t\t\t\t\t\t\t\t\t<\/a>\n\t\t\t\t\t\t\t<a class=\"e-gallery-item elementor-gallery-item elementor-animated-content\" href=\"https:\/\/renzbr.com\/wp-content\/uploads\/2023\/08\/54f6028fb1b74-scaled.jpg\" data-elementor-open-lightbox=\"yes\" data-elementor-lightbox-slideshow=\"4c663c8\" data-elementor-lightbox-title=\"54f6028fb1b74\" data-e-action-hash=\"#elementor-action%3Aaction%3Dlightbox%26settings%3DeyJpZCI6MzE0LCJ1cmwiOiJodHRwczpcL1wvcmVuemJyLmNvbVwvd3AtY29udGVudFwvdXBsb2Fkc1wvMjAyM1wvMDhcLzU0ZjYwMjhmYjFiNzQtc2NhbGVkLmpwZyIsInNsaWRlc2hvdyI6IjRjNjYzYzgifQ%3D%3D\">\n\t\t\t\t\t<div class=\"e-gallery-image elementor-gallery-item__image\" data-thumbnail=\"https:\/\/renzbr.com\/wp-content\/uploads\/2023\/08\/54f6028fb1b74-300x225.jpg\" data-width=\"300\" data-height=\"225\" aria-label=\"\" role=\"img\" ><\/div>\n\t\t\t\t\t\t\t\t\t\t\t<div class=\"elementor-gallery-item__overlay\"><\/div>\n\t\t\t\t\t\t\t\t\t\t\t\t\t\t<\/a>\n\t\t\t\t\t<\/div>\n\t\t\t\t\t<\/div>\n\t\t\t\t<\/div>\n\t\t\t\t\t<\/div>\n\t\t<\/div>\n\t\t\t\t<div class=\"elementor-column elementor-col-50 elementor-top-column elementor-element elementor-element-13c93c1\" data-id=\"13c93c1\" data-element_type=\"column\">\n\t\t\t<div class=\"elementor-widget-wrap elementor-element-populated\">\n\t\t\t\t\t\t<div class=\"elementor-element elementor-element-5c47c32 elementor-widget elementor-widget-text-editor\" data-id=\"5c47c32\" data-element_type=\"widget\" data-widget_type=\"text-editor.default\">\n\t\t\t\t<div class=\"elementor-widget-container\">\n\t\t\t\t\t\t\t\t\t<p>A Renz Instrumentos El\u00e9tricos Ltda., produz e comercializa equipamentos de medi\u00e7\u00e3o (anal\u00f3gicos e digitais), utilizados nos sistemas de ferro m\u00f3vel (FM) e bobina m\u00f3vel (BM), tais como: Volt\u00edmetros, Amper\u00edmetros, Miliamper\u00edmetros, Microamper\u00edmetros, Frequenc\u00edmetros, Medidores de Temperatura, Tac\u00f4metros (rpm), etc. Fabrica tamb\u00e9m, Transformadores de Corrente (TCs), Derivadores de Corrente (Shunts), Chaves El\u00e9tricas e cong\u00eaneres do ramo. Em parceria com empresas capacitadas, comercializa as Chaves El\u00e9tricas Comutadoras.<\/p><p>Por tudo isso, a Renz tem a oferecer competitividade em pre\u00e7o, no prazo de entrega e pagamento al\u00e9m da conveni\u00eancia e vantagem de prover a demanda de equipamentos e aparelhos de medi\u00e7\u00e3o el\u00e9trica com a sua diligente linha de produtos.<\/p><p><strong>NOSSA HIST\u00d3RIA<\/strong><\/p><p>A Renz foi fundada em 10 de Agosto de 1959 pelo Sr. Jos\u00e9 Luis Barrio Martinez na cidade de Bragan\u00e7a Paulista no Estado de S\u00e3o Paulo.<\/p><p>A produ\u00e7\u00e3o inicial era de volt\u00edmetros anal\u00f3gicos para reguladores de tens\u00e3o. Com o passar dos anos, a empresa desenvolveu os amper\u00edmetros anal\u00f3gicos, as chaves seletoras e seus componentes, atendendo assim a demanda dos fabricantes de regulador de tens\u00e3o e de carregadores de bateria.<\/p><p>Entre os anos de 1980 a 1990, a empresa em parceria com fornecedores do mercado externo e nacional, desenvolveu uma vasta gama de aparelhos dedicados \u00e0 medi\u00e7\u00e3o de grandezas el\u00e9tricas. Ainda nessa \u00e9poca lan\u00e7ou os instrumentos anal\u00f3gicos com a classe de precis\u00e3o de 1,5% (DC e AC) al\u00e9m da produ\u00e7\u00e3o de frequenc\u00edmetros de l\u00e2minas vibr\u00e1veis, transformadores de corrente (TCs) e derivadores de corrente (Shunts).<\/p><p>Em 2000, a empresa iniciou parceria com um fornecedor na linha de instrumentos digitais com a classe de precis\u00e3o de 1,0%.<\/p><p>Nos anos seguintes, atendendo as expectativas do mercado, a empresa desenvolveu modelos inovadores de instrumentos anal\u00f3gicos com design arrojado e tamanhos diferenciados. Al\u00e9m de introduzir em sua linha as chaves el\u00e9tricas comutadoras.<\/p><p>Em 2005 a dire\u00e7\u00e3o da empresa decidiu ingressar no seleto grupo de empresas certificadas pelo Sistema de Gest\u00e3o da Qualidade. No ano seguinte, foi certificada na norma NBR ISO 9001 pela BSI &#8211; Sistema de Gest\u00e3o da Qualidade.<\/p><p>Foi lan\u00e7ado no mercado em 2011 os Multimedidores de Grandezas El\u00e9tricas e o Controlador de Fator de Pot\u00eancia, que possui importantes diferenciais, como: Entrada USB (opcional), Software de Gerenciamento (Self Control), Comunica\u00e7\u00e3o RS-485 (Mod Bus &#8211; RTU) e demais itens aplic\u00e1veis.<br \/>A empresa comercializa em todo o territ\u00f3rio nacional e conta com representantes comerciais nas mais competitivas regi\u00f5es do pa\u00eds. Essa prosperidade deve-se \u00e0 dedica\u00e7\u00e3o do fundador, de recursos materiais, financeiros e acima de tudo dos colaboradores que s\u00e3o a parte essencial desse sucesso.<\/p><p>Hoje, a Renz \u00e9 administrada pelos filhos do fundador, alicer\u00e7ados pelos gerentes, chefes e os colaboradores, com o objetivo da continuidade deste grande patrim\u00f4nio empresarial.<\/p><p><strong>RESPONSABILIDADE SOCIAL<\/strong><\/p><p>Por acreditar em um mundo melhor, a Renz apoia e investe em projetos no setor da sa\u00fade, educa\u00e7\u00e3o e meio ambiente, visando colaborar com o desenvolvimento da comunidade onde est\u00e1 inserida.<\/p><ul><li>APAE;<\/li><li>Par\u00f3quia S\u00e3o Jos\u00e9.<\/li><\/ul>\t\t\t\t\t\t\t\t<\/div>\n\t\t\t\t<\/div>\n\t\t\t\t\t<\/div>\n\t\t<\/div>\n\t\t\t\t\t<\/div>\n\t\t<\/section>\n\t\t\t\t<\/div>","protected":false},"excerpt":{"rendered":"<p>A Renz Instrumentos El\u00e9tricos Ltda., produz e comercializa equipamentos de medi\u00e7\u00e3o (anal\u00f3gicos e digitais), utilizados nos sistemas de ferro m\u00f3vel (FM) e bobina m\u00f3vel (BM), tais como: Volt\u00edmetros, Amper\u00edmetros, Miliamper\u00edmetros, Microamper\u00edmetros, Frequenc\u00edmetros, Medidores de Temperatura, Tac\u00f4metros (rpm), etc. Fabrica tamb\u00e9m, Transformadores de Corrente (TCs), Derivadores de Corrente (Shunts), Chaves El\u00e9tricas e cong\u00eaneres do ramo. Em [&hellip;]<\/p>","protected":false},"author":1,"featured_media":0,"parent":0,"menu_order":0,"comment_status":"closed","ping_status":"closed","template":"","meta":{"footnotes":""},"class_list":["post-310","page","type-page","status-publish","hentry"],"blocksy_meta":[],"_links":{"self":[{"href":"https:\/\/renzbr.com\/es\/wp-json\/wp\/v2\/pages\/310","targetHints":{"allow":["GET"]}}],"collection":[{"href":"https:\/\/renzbr.com\/es\/wp-json\/wp\/v2\/pages"}],"about":[{"href":"https:\/\/renzbr.com\/es\/wp-json\/wp\/v2\/types\/page"}],"author":[{"embeddable":true,"href":"https:\/\/renzbr.com\/es\/wp-json\/wp\/v2\/users\/1"}],"replies":[{"embeddable":true,"href":"https:\/\/renzbr.com\/es\/wp-json\/wp\/v2\/comments?post=310"}],"version-history":[{"count":11,"href":"https:\/\/renzbr.com\/es\/wp-json\/wp\/v2\/pages\/310\/revisions"}],"predecessor-version":[{"id":818,"href":"https:\/\/renzbr.com\/es\/wp-json\/wp\/v2\/pages\/310\/revisions\/818"}],"wp:attachment":[{"href":"https:\/\/renzbr.com\/es\/wp-json\/wp\/v2\/media?parent=310"}],"curies":[{"name":"wp","href":"https:\/\/api.w.org\/{rel}","templated":true}]}}