{"id":327,"date":"2023-08-01T16:53:39","date_gmt":"2023-08-01T19:53:39","guid":{"rendered":"http:\/\/renzbr.com.br\/?page_id=327"},"modified":"2025-08-12T16:40:33","modified_gmt":"2025-08-12T19:40:33","slug":"qualidade","status":"publish","type":"page","link":"https:\/\/renzbr.com\/en\/qualidade\/","title":{"rendered":"Quality"},"content":{"rendered":"<h3>QUALITY POLICY<\/h3>\n<p>A Renz Instrumentos El\u00e9tricos e a TC Medidores projetam, fabricam e comercializam aparelhos el\u00e9tricos de medi\u00e7\u00e3o e controle, inje\u00e7\u00e3o de pe\u00e7as pl\u00e1sticas os quais atendem as especifica\u00e7\u00f5es, requisitos aplic\u00e1veis e as expectativas dos clientes, oferecendo-lhes qualidade, custo competitivo e prazo, buscando a melhoria cont\u00ednua e a efic\u00e1cia do S.G.Q, atrav\u00e9s de:<\/p>\n<p>\u2022 Treinamento dos colaboradores;<br \/>\n\u2022 Qualifica\u00e7\u00e3o dos fornecedores e<br \/>\n\u2022 Revisar sistematicamente os objetivos da qualidade.<\/p>\n<p><a href=\"http:\/\/renzbr.com\/en\/download\/FM523345-001.pdf\/\" target=\"_blank\" rel=\"noopener\"><strong>Click here<\/strong><\/a> to see our quality certification.<\/p>\n<h3>SUSTAINABILITY<\/h3>\n<p>Renz Instrumentos El\u00e9tricos operates in the panel instrumentation segment and aims for a job market where it can combine production while being concerned with the environment, defining a set of practices that seek to demonstrate its respect and concern with the conditions of the environment and society in which they operate.<\/p>\n<p>Renz values \u200b\u200busing products that are recyclable or recycled throughout its production line, the only impact it seeks to generate is a positive impact on society and the environment.<\/p>\n<p><strong>\u2728Actions that improve sustainability performance within the company:<\/strong><\/p>\n<ul>\n<li>Biodegradable cleaning material;<\/li>\n<li>Selective collection within the company;<\/li>\n<li>Partnership with companies that provide correct disposal services for selective collection and chemical products such as paints and solvents. Industrial towel cleaning services thus contributing to the elimination of the use of tow contaminated with oil, grease and solvents (Cleanroom).<\/li>\n<li>Fluorescent lamp recycling services, focused on the correct disposal of the product. The service is regulated by Brazilian environmental bodies and agencies. Traceability and proof of the correct destination of waste is guaranteed through the Final Waste Destination Certificate. Correct disposal services for the disposal of batteries, electronic equipment.<\/li>\n<li>Reverse logistics process to control the flow of post-consumption waste, with the aim of carrying out adequate disposal;<\/li>\n<li>Rationally uses natural resources;<\/li>\n<li>Invests in technologies and inputs that reduce the environmental impacts of its activities;<\/li>\n<li>Supports the community and its environmental projects.<\/li>\n<\/ul>\n<p>The company seeks to develop innovative and efficient solutions for good business and competitiveness with fewer inputs and the lowest possible environmental impact, maintaining the quality of our products and processes.<\/p>","protected":false},"excerpt":{"rendered":"<p>POL\u00cdTICA DE QUALIDADE A Renz Instrumentos El\u00e9tricos e a TC Medidores projetam, fabricam e comercializam aparelhos el\u00e9tricos de medi\u00e7\u00e3o e controle, inje\u00e7\u00e3o de pe\u00e7as pl\u00e1sticas os quais atendem as especifica\u00e7\u00f5es, requisitos aplic\u00e1veis e as expectativas dos clientes, oferecendo-lhes qualidade, custo competitivo e prazo, buscando a melhoria cont\u00ednua e a efic\u00e1cia do S.G.Q, atrav\u00e9s de: \u2022 [&hellip;]<\/p>","protected":false},"author":1,"featured_media":0,"parent":0,"menu_order":0,"comment_status":"closed","ping_status":"closed","template":"","meta":{"footnotes":""},"class_list":["post-327","page","type-page","status-publish","hentry"],"blocksy_meta":[],"_links":{"self":[{"href":"https:\/\/renzbr.com\/en\/wp-json\/wp\/v2\/pages\/327","targetHints":{"allow":["GET"]}}],"collection":[{"href":"https:\/\/renzbr.com\/en\/wp-json\/wp\/v2\/pages"}],"about":[{"href":"https:\/\/renzbr.com\/en\/wp-json\/wp\/v2\/types\/page"}],"author":[{"embeddable":true,"href":"https:\/\/renzbr.com\/en\/wp-json\/wp\/v2\/users\/1"}],"replies":[{"embeddable":true,"href":"https:\/\/renzbr.com\/en\/wp-json\/wp\/v2\/comments?post=327"}],"version-history":[{"count":17,"href":"https:\/\/renzbr.com\/en\/wp-json\/wp\/v2\/pages\/327\/revisions"}],"predecessor-version":[{"id":1025,"href":"https:\/\/renzbr.com\/en\/wp-json\/wp\/v2\/pages\/327\/revisions\/1025"}],"wp:attachment":[{"href":"https:\/\/renzbr.com\/en\/wp-json\/wp\/v2\/media?parent=327"}],"curies":[{"name":"wp","href":"https:\/\/api.w.org\/{rel}","templated":true}]}}